{"id":4931,"date":"2025-02-18T16:28:09","date_gmt":"2025-02-18T15:28:09","guid":{"rendered":"https:\/\/www.schloss-reinhartshausen.de\/?post_type=product&#038;p=4931"},"modified":"2026-01-22T14:53:58","modified_gmt":"2026-01-22T13:53:58","slug":"erbacher-riesling-late-release-trocken","status":"publish","type":"product","link":"https:\/\/www.schloss-reinhartshausen.de\/en\/produkt\/erbacher-riesling-late-release-trocken\/","title":{"rendered":"Erbacher Riesling &#8220;Vintage collection&#8221; trocken"},"content":{"rendered":"","protected":false},"excerpt":{"rendered":"<p>Unsere Ortsweine aus Erbach und Hattenheim b\u00fcndeln die charakterst\u00e4rksten Lagen zweier herausragender Rheingauer Weinorte. Sorgf\u00e4ltig selektiert und pr\u00e4zise vinifiziert stehen sie f\u00fcr Tiefe, Finesse und eine klare Herkunftspr\u00e4gung. Es sind Weine mit Ausdruck, Strahlkraft und besonderem Anspruch.<\/p>\n<p>Seit dem Jahrgang 2015 lagern wir ausgew\u00e4hlte Rieslinge als Teil unserer Vintage Collection in den historischen Kellern des Weinguts. Dort reifen sie mindestens f\u00fcnf Jahre unter idealen Bedingungen \u2013 eine langsame, nat\u00fcrliche Entwicklung, die Tiefe, Finesse und Langlebigkeit hervorbringt<\/p>\n<p>Der Wein pr\u00e4sentiert sich als kraftvoller,<br \/>\ntrockener Riesling mit Aromen reifer gelber Fr\u00fcchte und einem Hauch Zitronenzeste. Feine Kr\u00e4uternoten, typisch f\u00fcr Erbacher Lagen, verleihen zus\u00e4tzliche Komplexit\u00e4t. Am Gaumen zeigt er klare Struktur, pr\u00e4zise S\u00e4ure und eine ausgepr\u00e4gte Mineralit\u00e4t. Der Abgang ist lang, elegant und perfekt ausbalanciert. Ein charaktervoller Riesling mit gro\u00dfem Reifepotenzial.<\/p>\n","protected":false},"featured_media":4936,"template":"","meta":{"_acf_changed":false},"product_brand":[],"product_cat":[26],"product_tag":[],"class_list":{"0":"post-4931","1":"product","2":"type-product","3":"status-publish","4":"has-post-thumbnail","6":"product_cat-lagenwein","8":"first","9":"instock","10":"taxable","11":"shipping-taxable","12":"purchasable","13":"product-type-simple"},"acf":[],"_links":{"self":[{"href":"https:\/\/www.schloss-reinhartshausen.de\/en\/wp-json\/wp\/v2\/product\/4931","targetHints":{"allow":["GET"]}}],"collection":[{"href":"https:\/\/www.schloss-reinhartshausen.de\/en\/wp-json\/wp\/v2\/product"}],"about":[{"href":"https:\/\/www.schloss-reinhartshausen.de\/en\/wp-json\/wp\/v2\/types\/product"}],"wp:featuredmedia":[{"embeddable":true,"href":"https:\/\/www.schloss-reinhartshausen.de\/en\/wp-json\/wp\/v2\/media\/4936"}],"wp:attachment":[{"href":"https:\/\/www.schloss-reinhartshausen.de\/en\/wp-json\/wp\/v2\/media?parent=4931"}],"wp:term":[{"taxonomy":"product_brand","embeddable":true,"href":"https:\/\/www.schloss-reinhartshausen.de\/en\/wp-json\/wp\/v2\/product_brand?post=4931"},{"taxonomy":"product_cat","embeddable":true,"href":"https:\/\/www.schloss-reinhartshausen.de\/en\/wp-json\/wp\/v2\/product_cat?post=4931"},{"taxonomy":"product_tag","embeddable":true,"href":"https:\/\/www.schloss-reinhartshausen.de\/en\/wp-json\/wp\/v2\/product_tag?post=4931"}],"curies":[{"name":"wp","href":"https:\/\/api.w.org\/{rel}","templated":true}]}}