{"id":4927,"date":"2025-02-18T13:02:07","date_gmt":"2025-02-18T12:02:07","guid":{"rendered":"https:\/\/www.schloss-reinhartshausen.de\/?post_type=product&#038;p=4927"},"modified":"2026-01-22T14:55:30","modified_gmt":"2026-01-22T13:55:30","slug":"assmannshaeuser-hoellenberg-spaetburgunder-gg","status":"publish","type":"product","link":"https:\/\/www.schloss-reinhartshausen.de\/en\/produkt\/assmannshaeuser-hoellenberg-spaetburgunder-gg\/","title":{"rendered":"Assmannsh\u00e4user H\u00f6llenberg Sp\u00e4tburgunder GG"},"content":{"rendered":"","protected":false},"excerpt":{"rendered":"<p>Die Lage H\u00f6llenberg in Assmannshausen<br \/>\ngilt als das Herzst\u00fcck des Rotweinanbaus im Rheingau und z\u00e4hlt zu den besten Sp\u00e4tburgunderlagen Deutschlands. Die steilen Schieferb\u00f6den speichern W\u00e4rme und schaffen ideale Bedingungen f\u00fcr kraftvolle, charaktervolle Weine mit internationalem Format.<\/p>\n<p>Der H\u00f6llenberg Sp\u00e4tburgunder besticht durch reife Kirschfrucht, feine Holznoten und eine dezente W\u00fcrze. Am Gaumen zeigt er sich harmonisch, mit weichen, gut eingebundenen Tanninen und eleganter Struktur.<\/p>\n<p>Ein Rotwein mit Tiefe und Potenzial, der in den kommenden Jahren noch an Ausdruck gewinnen wird.<\/p>\n","protected":false},"featured_media":4928,"template":"","meta":{"_acf_changed":false},"product_brand":[],"product_cat":[26],"product_tag":[],"class_list":{"0":"post-4927","1":"product","2":"type-product","3":"status-publish","4":"has-post-thumbnail","6":"product_cat-lagenwein","8":"first","9":"instock","10":"taxable","11":"shipping-taxable","12":"purchasable","13":"product-type-simple"},"acf":[],"_links":{"self":[{"href":"https:\/\/www.schloss-reinhartshausen.de\/en\/wp-json\/wp\/v2\/product\/4927","targetHints":{"allow":["GET"]}}],"collection":[{"href":"https:\/\/www.schloss-reinhartshausen.de\/en\/wp-json\/wp\/v2\/product"}],"about":[{"href":"https:\/\/www.schloss-reinhartshausen.de\/en\/wp-json\/wp\/v2\/types\/product"}],"wp:featuredmedia":[{"embeddable":true,"href":"https:\/\/www.schloss-reinhartshausen.de\/en\/wp-json\/wp\/v2\/media\/4928"}],"wp:attachment":[{"href":"https:\/\/www.schloss-reinhartshausen.de\/en\/wp-json\/wp\/v2\/media?parent=4927"}],"wp:term":[{"taxonomy":"product_brand","embeddable":true,"href":"https:\/\/www.schloss-reinhartshausen.de\/en\/wp-json\/wp\/v2\/product_brand?post=4927"},{"taxonomy":"product_cat","embeddable":true,"href":"https:\/\/www.schloss-reinhartshausen.de\/en\/wp-json\/wp\/v2\/product_cat?post=4927"},{"taxonomy":"product_tag","embeddable":true,"href":"https:\/\/www.schloss-reinhartshausen.de\/en\/wp-json\/wp\/v2\/product_tag?post=4927"}],"curies":[{"name":"wp","href":"https:\/\/api.w.org\/{rel}","templated":true}]}}